{"id":43,"date":"2015-10-12T15:32:05","date_gmt":"2015-10-12T12:32:05","guid":{"rendered":"http:\/\/localhost\/UTEG\/?page_id=43"},"modified":"2017-06-19T00:50:50","modified_gmt":"2017-06-18T21:50:50","slug":"kurullar","status":"publish","type":"page","link":"https:\/\/www.tikdek.itu.edu.tr\/en\/kurullar\/","title":{"rendered":"BOARDS"},"content":{"rendered":"<p><strong>CONGRESS TOP COMMITTEE<\/strong><\/p>\n<p>Dr. Sabahattin Ayd\u0131n &#8211; Rector of Medipol University<br \/>\nMurat ACU &#8211; General Director of General Directorate Of State Hydraulic Works<br \/>\n\u0130smail G\u00fcne\u015f &#8211; General Director of Turkish State Meteorological Service<br \/>\nFatih Turan &#8211; General Director of Istanbul Water and Sewerage Administration<br \/>\nDr. Cumali K\u0131nac\u0131 &#8211; General Director of General Directorate of Water Management<br \/>\nAhmet K\u00f6se &#8211; Union of Chambers of Turkish Engineers and Architects, Head of Chamber of Meteorology Engineers<br \/>\nDr. Zekai \u015een &#8211; Water Foundation President (Founding President of the Congress)<\/p>\n<p><strong>CONGRESS EXECUTIVE COMMITTEE<\/strong><\/p>\n<p>Dr. Ahmet \u00d6ztopal &#8211; Istanbul Technical University, Water Foundation (Chairman of the Executive Board)<br \/>\nDr. Ahmet Duran \u015eahin &#8211; Istanbul Technical University, Water Foundation<br \/>\nDr. Sevin\u00e7 Asilhan &#8211; Istanbul Technical University<br \/>\nDr. \u0130smail Dabanl\u0131 &#8211; Medipol University, Water Foundation<br \/>\nDr. B\u00fclent Selek &#8211; General Directorate Of State Hydraulic Works<br \/>\nDr. Mustafa Co\u015fkun &#8211; Turkish State Meteorological Service<br \/>\nYavuz Selim G\u00fc\u00e7l\u00fc &#8211; Istanbul Technical University, Water Foundation<br \/>\nAli\u015fan Koyuncu &#8211; Istanbul Water and Sewerage Administration<br \/>\nDeniz \u00d6zdemir &#8211; General Directorate Of State Hydraulic Works<br \/>\nSerhat \u015eensoy &#8211; Turkish State Meteorological Service<br \/>\nFatih Y\u0131ld\u0131z &#8211; Istanbul Water and Sewerage Administration<br \/>\nFaruk \u015eanl\u0131 &#8211; Union of Chambers of Turkish Engineers and Architects, Chamber of Meteorology Engineers<\/p>\n<p><strong>CONGRESS CONSULTANTS<\/strong><\/p>\n<p>Dr. Ali Uyumaz &#8211; Istanbul Technical University, Water Foundation<\/p>\n<p><strong>CONGRESS TECHNICAL AND SOCIAL ACTIVITIES COMMITTEE<\/strong><\/p>\n<p>Atag\u00fcn Unan &#8211; Istanbul Technical University<br \/>\nFatma G\u00fcl Yurtsever &#8211; Istanbul Technical University<br \/>\nFatma S\u00fcmeyye Ke\u015f &#8211; Istanbul Technical University<br \/>\nMelek Ak\u0131n &#8211; Istanbul Technical University<br \/>\nMuhiddin Yenig\u00fcn &#8211; Water Foundation<br \/>\nNigar \u015een &#8211; Water Foundation<br \/>\nSenem K\u0131l\u0131\u00e7\u00f6te &#8211; Istanbul Technical University<\/p>\n<p><strong>SCIENCE COMMITTEE<\/strong><\/p>\n<p>Dr. Ahmet Demir &#8211; Yildiz Technical University, Turkey<br \/>\nDr. Ahmet Duran \u015eahin &#8211; Istanbul Technical University, Water Foundation, Turkey<br \/>\nDr. Ahmet \u00d6ztopal &#8211; Istanbul Technical University, Water Foundation, Turkey<br \/>\nDr. Ali Deniz &#8211; Istanbul Technical University, Turkey<br \/>\nDr. Ali Uyumaz &#8211; Istanbul Technical University, Turkey<br \/>\nDr. Ali \u00dcmran K\u00f6\u015fem\u00e7\u00fc &#8211; General Director of Turkish State Meteorological Service, Turkey<br \/>\nDr. Ali \u00dcnal \u015eorman &#8211; Near East University, Turkey<br \/>\nDr. Andreas Will &#8211; Brandenburg University of Technology, Germany<br \/>\nDr. Ashok K. Mishra &#8211; Clemson University, United States of America<br \/>\nDr. Bar\u0131\u015f \u00c7alda\u011f &#8211; Istanbul Technical University, Turkey<br \/>\nDr. Deniz Demirhan Bar &#8211; Istanbul Technical University, Turkey<br \/>\nDr. El\u00e7in Tan &#8211; Istanbul Technical University, Turkey<br \/>\nDr. Filiz Karaosmano\u011flu &#8211; Istanbul Technical University, Turkey<br \/>\nDr. Filiz Kat\u0131rc\u0131o\u011flu &#8211; Istanbul Technical University, Turkey<br \/>\nDr. G\u00f6khan Kara &#8211; Istanbul University, Turkey<br \/>\nDr. Huseyin Toros &#8211; Istanbul Technical University, Turkey<br \/>\nDr. \u0130brahim Din\u00e7er &#8211; University of Ontario Institute of Technology, Canada<br \/>\nDr. \u0130brahim G\u00fcrer &#8211; Gazi University, Turkey<br \/>\nDr. \u0130smail Dabanl\u0131 &#8211; Medipol University, Water Foundation, Turkey<br \/>\nDr. \u0130smail Y\u00fccel &#8211; Middle East Technical University, Turkey<br \/>\nDr. Kas\u0131m Kocak &#8211; Istanbul Technical University, Turkey<br \/>\nDr. Levent Kurnaz &#8211; Bo\u011fazi\u00e7i University, Turkey<br \/>\nDr. Levent \u015eaylan &#8211; Istanbul Technical University, Turkey<br \/>\nDr. Mehmet Do\u011fan Kantarc\u0131 &#8211; Istanbul University, Turkey<br \/>\nDr. Meral Demirta\u015f &#8211; Ondokuz May\u0131s University, Turkey<br \/>\nDr. Mikdat Kad\u0131o\u011flu &#8211; Istanbul Technical University, Turkey<br \/>\nDr. Muwaffaq Freiwan &#8211; Mideast Aviation Academy, Jordan<br \/>\nDr. Murat T\u00fcrke\u015f &#8211; \u00c7anakkale Onsekiz Mart University, Turkey<br \/>\nDr. Nilg\u00fcn Harmanc\u0131o\u011flu &#8211; Dokuz Eyl\u00fcl University, Turkey<br \/>\nDr. Norhsn Rahman &#8211; Universiti Teknologi Malaysia, Malaysia<br \/>\nDr. N\u00fczhet Dalfes &#8211; Istanbul Technical University, Turkey<br \/>\nDr. Orhan \u015een &#8211; Istanbul Technical University, Turkey<br \/>\nDr. Omer L\u00fctfi \u015een &#8211; Istanbul Technical University, Turkey<br \/>\nDr. Qassem Tarawneh &#8211; King Saud University, Saudi Arabia<br \/>\nDr. Selahattin \u0130ncecik &#8211; Istanbul Technical University, Turkey<br \/>\nDr. Sema Top\u00e7u &#8211; Istanbul Technical University, Turkey<br \/>\nDr. Sevin\u00e7 Asilhan &#8211; Istanbul Technical University, Turkey<br \/>\nDr. Sibel Mente\u015f &#8211; Istanbul Technical University, Turkey<br \/>\nDr. Zafer Aslan &#8211; Istanbul Aydin University, Turkey<br \/>\nDr. Zekai \u015een &#8211; Medipol University, Water Foundation, Turkey<br \/>\nDr. Zeref\u015fan Kaymaz &#8211; Istanbul Technical University, Turkey<br \/>\nDr. Zeynel Fuat Toprak &#8211; Dicle University, Turkey<br \/>\nDr. Zuhal Aky\u00fcrek &#8211; Middle East Technical University, Turkey<\/p>","protected":false},"excerpt":{"rendered":"<p>CONGRESS TOP COMMITTEE Dr. Sabahattin Ayd\u0131n &#8211; Rector of Medipol University Murat ACU &#8211; General Director of General Directorate Of State Hydraulic Works \u0130smail G\u00fcne\u015f &#8211; General Director of Turkish State Meteorological Service Fatih Turan &#8211; General Director of Istanbul Water and Sewerage Administration Dr. Cumali K\u0131nac\u0131 &#8211; General Director of General Directorate of Water &hellip; <a href=\"https:\/\/www.tikdek.itu.edu.tr\/en\/kurullar\/\">Continue reading <span class=\"meta-nav\">&rarr;<\/span><\/a><\/p>\n","protected":false},"author":1,"featured_media":0,"parent":0,"menu_order":0,"comment_status":"closed","ping_status":"closed","template":"","meta":{"spay_email":""},"jetpack_sharing_enabled":true,"jetpack_shortlink":"https:\/\/wp.me\/P8bJYx-H","_links":{"self":[{"href":"https:\/\/www.tikdek.itu.edu.tr\/en\/wp-json\/wp\/v2\/pages\/43"}],"collection":[{"href":"https:\/\/www.tikdek.itu.edu.tr\/en\/wp-json\/wp\/v2\/pages"}],"about":[{"href":"https:\/\/www.tikdek.itu.edu.tr\/en\/wp-json\/wp\/v2\/types\/page"}],"author":[{"embeddable":true,"href":"https:\/\/www.tikdek.itu.edu.tr\/en\/wp-json\/wp\/v2\/users\/1"}],"replies":[{"embeddable":true,"href":"https:\/\/www.tikdek.itu.edu.tr\/en\/wp-json\/wp\/v2\/comments?post=43"}],"version-history":[{"count":91,"href":"https:\/\/www.tikdek.itu.edu.tr\/en\/wp-json\/wp\/v2\/pages\/43\/revisions"}],"predecessor-version":[{"id":3828,"href":"https:\/\/www.tikdek.itu.edu.tr\/en\/wp-json\/wp\/v2\/pages\/43\/revisions\/3828"}],"wp:attachment":[{"href":"https:\/\/www.tikdek.itu.edu.tr\/en\/wp-json\/wp\/v2\/media?parent=43"}],"curies":[{"name":"wp","href":"https:\/\/api.w.org\/{rel}","templated":true}]}}